{"id":2505,"date":"2024-02-29T09:33:09","date_gmt":"2024-02-29T09:33:09","guid":{"rendered":"https:\/\/vikingbanden.nl\/disclaimer\/"},"modified":"2025-08-05T12:59:54","modified_gmt":"2025-08-05T12:59:54","slug":"disclaimer","status":"publish","type":"page","link":"https:\/\/vikingbanden.nl\/fr\/disclaimer\/","title":{"rendered":"Disclaimer"},"content":{"rendered":"<p>[et_pb_section fb_built=\u00a0\u00bb1&Prime; theme_builder_area=\u00a0\u00bbpost_content\u00a0\u00bb _builder_version=\u00a0\u00bb4.24.2&Prime; _module_preset=\u00a0\u00bbdefault\u00a0\u00bb][et_pb_row _builder_version=\u00a0\u00bb4.24.2&Prime; _module_preset=\u00a0\u00bbdefault\u00a0\u00bb theme_builder_area=\u00a0\u00bbpost_content\u00a0\u00bb][et_pb_column _builder_version=\u00a0\u00bb4.24.2&Prime; _module_preset=\u00a0\u00bbdefault\u00a0\u00bb type=\u00a0\u00bb4_4&Prime; theme_builder_area=\u00a0\u00bbpost_content\u00a0\u00bb][et_pb_text _builder_version=\u00a0\u00bb4.24.2&Prime; _module_preset=\u00a0\u00bbdefault\u00a0\u00bb theme_builder_area=\u00a0\u00bbpost_content\u00a0\u00bb hover_enabled=\u00a0\u00bb0&Prime; sticky_enabled=\u00a0\u00bb0&Prime;]<\/p>\n<h1><span>Disclaimer<\/span><\/h1>\n<p><span>Bien que ce site ait \u00e9t\u00e9 \u00e9labor\u00e9 avec le plus grand soin, Inter-Sprint Banden BV ou ses soci\u00e9t\u00e9s affili\u00e9es ne peuvent en aucun cas \u00eatre tenues responsables de tout dommage direct ou indirect pouvant r\u00e9sulter de l\u2019utilisation des informations fournies ici. Aucun droit ou r\u00e9clamation ne peut \u00eatre d\u00e9riv\u00e9 du contenu de ce site web. Les images, logos, noms de produits et de marques sont et restent la propri\u00e9t\u00e9 des producteurs et\/ou fournisseurs. Leur utilisation est uniquement destin\u00e9e \u00e0 clarifier la description du produit dans le but d\u2019informer correctement l\u2019acheteur potentiel. Des modifications peuvent \u00eatre apport\u00e9es au site web sans pr\u00e9avis. Sous r\u00e9serve d\u2019erreurs de texte et de composition et de modifications des sp\u00e9cifications.<\/span><\/p>\n<p>[\/et_pb_text][\/et_pb_column][\/et_pb_row][\/et_pb_section]<\/p>\n","protected":false},"excerpt":{"rendered":"<p>Disclaimer Bien que ce site ait \u00e9t\u00e9 \u00e9labor\u00e9 avec le plus grand soin, Inter-Sprint Banden BV ou ses soci\u00e9t\u00e9s affili\u00e9es ne peuvent en aucun cas \u00eatre tenues responsables de tout dommage direct ou indirect pouvant r\u00e9sulter de l\u2019utilisation des informations fournies ici. Aucun droit ou r\u00e9clamation ne peut \u00eatre d\u00e9riv\u00e9 du contenu de ce site [&hellip;]<\/p>\n","protected":false},"author":3,"featured_media":0,"parent":0,"menu_order":0,"comment_status":"closed","ping_status":"closed","template":"","meta":{"_acf_changed":false,"_et_pb_use_builder":"on","_et_pb_old_content":"","_et_gb_content_width":"","footnotes":""},"class_list":["post-2505","page","type-page","status-publish","hentry"],"acf":[],"yoast_head":"<!-- This site is optimized with the Yoast SEO plugin v27.3 - https:\/\/yoast.com\/product\/yoast-seo-wordpress\/ -->\n<title>Disclaimer | Pneus Viking<\/title>\n<meta name=\"robots\" content=\"index, follow, max-snippet:-1, max-image-preview:large, max-video-preview:-1\" \/>\n<link rel=\"canonical\" href=\"https:\/\/vikingbanden.nl\/fr\/disclaimer\/\" \/>\n<meta property=\"og:locale\" content=\"fr_FR\" \/>\n<meta property=\"og:type\" content=\"article\" \/>\n<meta property=\"og:title\" content=\"Disclaimer | Pneus Viking\" \/>\n<meta property=\"og:description\" content=\"Disclaimer Bien que ce site ait \u00e9t\u00e9 \u00e9labor\u00e9 avec le plus grand soin, Inter-Sprint Banden BV ou ses soci\u00e9t\u00e9s affili\u00e9es ne peuvent en aucun cas \u00eatre tenues responsables de tout dommage direct ou indirect pouvant r\u00e9sulter de l\u2019utilisation des informations fournies ici. Aucun droit ou r\u00e9clamation ne peut \u00eatre d\u00e9riv\u00e9 du contenu de ce site [&hellip;]\" \/>\n<meta property=\"og:url\" content=\"https:\/\/vikingbanden.nl\/fr\/disclaimer\/\" \/>\n<meta property=\"og:site_name\" content=\"Viking banden\" \/>\n<meta property=\"article:modified_time\" content=\"2025-08-05T12:59:54+00:00\" \/>\n<meta name=\"twitter:card\" content=\"summary_large_image\" \/>\n<meta name=\"twitter:label1\" content=\"Dur\u00e9e de lecture estim\u00e9e\" \/>\n\t<meta name=\"twitter:data1\" content=\"1 minute\" \/>\n<script type=\"application\/ld+json\" class=\"yoast-schema-graph\">{\"@context\":\"https:\\\/\\\/schema.org\",\"@graph\":[{\"@type\":\"WebPage\",\"@id\":\"https:\\\/\\\/vikingbanden.nl\\\/fr\\\/disclaimer\\\/\",\"url\":\"https:\\\/\\\/vikingbanden.nl\\\/fr\\\/disclaimer\\\/\",\"name\":\"Disclaimer | Pneus Viking\",\"isPartOf\":{\"@id\":\"https:\\\/\\\/vikingbanden.nl\\\/en\\\/#website\"},\"datePublished\":\"2024-02-29T09:33:09+00:00\",\"dateModified\":\"2025-08-05T12:59:54+00:00\",\"breadcrumb\":{\"@id\":\"https:\\\/\\\/vikingbanden.nl\\\/fr\\\/disclaimer\\\/#breadcrumb\"},\"inLanguage\":\"fr-FR\",\"potentialAction\":[{\"@type\":\"ReadAction\",\"target\":[\"https:\\\/\\\/vikingbanden.nl\\\/fr\\\/disclaimer\\\/\"]}]},{\"@type\":\"BreadcrumbList\",\"@id\":\"https:\\\/\\\/vikingbanden.nl\\\/fr\\\/disclaimer\\\/#breadcrumb\",\"itemListElement\":[{\"@type\":\"ListItem\",\"position\":1,\"name\":\"Home\",\"item\":\"https:\\\/\\\/vikingbanden.nl\\\/fr\\\/\"},{\"@type\":\"ListItem\",\"position\":2,\"name\":\"Disclaimer\"}]},{\"@type\":\"WebSite\",\"@id\":\"https:\\\/\\\/vikingbanden.nl\\\/en\\\/#website\",\"url\":\"https:\\\/\\\/vikingbanden.nl\\\/en\\\/\",\"name\":\"Viking\",\"description\":\"\",\"potentialAction\":[{\"@type\":\"SearchAction\",\"target\":{\"@type\":\"EntryPoint\",\"urlTemplate\":\"https:\\\/\\\/vikingbanden.nl\\\/en\\\/?s={search_term_string}\"},\"query-input\":{\"@type\":\"PropertyValueSpecification\",\"valueRequired\":true,\"valueName\":\"search_term_string\"}}],\"inLanguage\":\"fr-FR\"}]}<\/script>\n<!-- \/ Yoast SEO plugin. -->","yoast_head_json":{"title":"Disclaimer | Pneus Viking","robots":{"index":"index","follow":"follow","max-snippet":"max-snippet:-1","max-image-preview":"max-image-preview:large","max-video-preview":"max-video-preview:-1"},"canonical":"https:\/\/vikingbanden.nl\/fr\/disclaimer\/","og_locale":"fr_FR","og_type":"article","og_title":"Disclaimer | Pneus Viking","og_description":"Disclaimer Bien que ce site ait \u00e9t\u00e9 \u00e9labor\u00e9 avec le plus grand soin, Inter-Sprint Banden BV ou ses soci\u00e9t\u00e9s affili\u00e9es ne peuvent en aucun cas \u00eatre tenues responsables de tout dommage direct ou indirect pouvant r\u00e9sulter de l\u2019utilisation des informations fournies ici. Aucun droit ou r\u00e9clamation ne peut \u00eatre d\u00e9riv\u00e9 du contenu de ce site [&hellip;]","og_url":"https:\/\/vikingbanden.nl\/fr\/disclaimer\/","og_site_name":"Viking banden","article_modified_time":"2025-08-05T12:59:54+00:00","twitter_card":"summary_large_image","twitter_misc":{"Dur\u00e9e de lecture estim\u00e9e":"1 minute"},"schema":{"@context":"https:\/\/schema.org","@graph":[{"@type":"WebPage","@id":"https:\/\/vikingbanden.nl\/fr\/disclaimer\/","url":"https:\/\/vikingbanden.nl\/fr\/disclaimer\/","name":"Disclaimer | Pneus Viking","isPartOf":{"@id":"https:\/\/vikingbanden.nl\/en\/#website"},"datePublished":"2024-02-29T09:33:09+00:00","dateModified":"2025-08-05T12:59:54+00:00","breadcrumb":{"@id":"https:\/\/vikingbanden.nl\/fr\/disclaimer\/#breadcrumb"},"inLanguage":"fr-FR","potentialAction":[{"@type":"ReadAction","target":["https:\/\/vikingbanden.nl\/fr\/disclaimer\/"]}]},{"@type":"BreadcrumbList","@id":"https:\/\/vikingbanden.nl\/fr\/disclaimer\/#breadcrumb","itemListElement":[{"@type":"ListItem","position":1,"name":"Home","item":"https:\/\/vikingbanden.nl\/fr\/"},{"@type":"ListItem","position":2,"name":"Disclaimer"}]},{"@type":"WebSite","@id":"https:\/\/vikingbanden.nl\/en\/#website","url":"https:\/\/vikingbanden.nl\/en\/","name":"Viking","description":"","potentialAction":[{"@type":"SearchAction","target":{"@type":"EntryPoint","urlTemplate":"https:\/\/vikingbanden.nl\/en\/?s={search_term_string}"},"query-input":{"@type":"PropertyValueSpecification","valueRequired":true,"valueName":"search_term_string"}}],"inLanguage":"fr-FR"}]}},"_links":{"self":[{"href":"https:\/\/vikingbanden.nl\/fr\/wp-json\/wp\/v2\/pages\/2505","targetHints":{"allow":["GET"]}}],"collection":[{"href":"https:\/\/vikingbanden.nl\/fr\/wp-json\/wp\/v2\/pages"}],"about":[{"href":"https:\/\/vikingbanden.nl\/fr\/wp-json\/wp\/v2\/types\/page"}],"author":[{"embeddable":true,"href":"https:\/\/vikingbanden.nl\/fr\/wp-json\/wp\/v2\/users\/3"}],"replies":[{"embeddable":true,"href":"https:\/\/vikingbanden.nl\/fr\/wp-json\/wp\/v2\/comments?post=2505"}],"version-history":[{"count":6,"href":"https:\/\/vikingbanden.nl\/fr\/wp-json\/wp\/v2\/pages\/2505\/revisions"}],"predecessor-version":[{"id":11215,"href":"https:\/\/vikingbanden.nl\/fr\/wp-json\/wp\/v2\/pages\/2505\/revisions\/11215"}],"wp:attachment":[{"href":"https:\/\/vikingbanden.nl\/fr\/wp-json\/wp\/v2\/media?parent=2505"}],"curies":[{"name":"wp","href":"https:\/\/api.w.org\/{rel}","templated":true}]}}