{"id":1515,"date":"2024-01-15T08:28:45","date_gmt":"2024-01-15T08:28:45","guid":{"rendered":"http:\/\/vikingbanden.nl\/viking-banden\/"},"modified":"2024-10-15T08:37:53","modified_gmt":"2024-10-15T08:37:53","slug":"a-propos-de-viking","status":"publish","type":"page","link":"https:\/\/vikingbanden.nl\/fr\/a-propos-de-viking\/","title":{"rendered":"\u00c0 propos de Viking"},"content":{"rendered":"<p>[et_pb_section fb_built=\u00a0\u00bb1&Prime; _builder_version=\u00a0\u00bb4.24.0&Prime; _module_preset=\u00a0\u00bbdefault\u00a0\u00bb background_color=\u00a0\u00bb#E02B20&Prime; transform_scale=\u00a0\u00bb104%|100%\u00a0\u00bb transform_scale_linked=\u00a0\u00bboff\u00a0\u00bb transform_translate_linked=\u00a0\u00bboff\u00a0\u00bb custom_margin=\u00a0\u00bb||||false|false\u00a0\u00bb custom_padding=\u00a0\u00bb0px||0px||false|false\u00a0\u00bb custom_css_main_element=\u00a0\u00bbheight:45px;||transform:none !important;\u00a0\u00bb global_colors_info=\u00a0\u00bb{}\u00a0\u00bb][\/et_pb_section][et_pb_section fb_built=\u00a0\u00bb1&Prime; _builder_version=\u00a0\u00bb4.24.0&Prime; _module_preset=\u00a0\u00bbdefault\u00a0\u00bb background_color=\u00a0\u00bb#114b94&Prime; transform_scale=\u00a0\u00bb104%|100%\u00a0\u00bb transform_scale_linked=\u00a0\u00bboff\u00a0\u00bb transform_translate_linked=\u00a0\u00bboff\u00a0\u00bb custom_margin=\u00a0\u00bb5px||||false|false\u00a0\u00bb custom_padding=\u00a0\u00bb0px||0px||false|false\u00a0\u00bb custom_css_main_element=\u00a0\u00bbheight:15px;||transform:none !important;\u00a0\u00bb global_colors_info=\u00a0\u00bb{}\u00a0\u00bb][\/et_pb_section][et_pb_section fb_built=\u00a0\u00bb1&Prime; _builder_version=\u00a0\u00bb4.23.4&Prime; _module_preset=\u00a0\u00bbdefault\u00a0\u00bb background_color=\u00a0\u00bbRGBA(255,255,255,0)\u00a0\u00bb min_height=\u00a0\u00bb432.9px\u00a0\u00bb custom_margin=\u00a0\u00bb||||false|false\u00a0\u00bb custom_padding=\u00a0\u00bb33px||33px||false|\u00a0\u00bb border_radii=\u00a0\u00bbon|10px|10px|10px|10px\u00a0\u00bb global_colors_info=\u00a0\u00bb{}\u00a0\u00bb][et_pb_row _builder_version=\u00a0\u00bb4.23.4&Prime; _module_preset=\u00a0\u00bbdefault\u00a0\u00bb background_color=\u00a0\u00bbRGBA(255,255,255,0)\u00a0\u00bb custom_margin=\u00a0\u00bb1px|auto||auto|false|false\u00a0\u00bb custom_padding=\u00a0\u00bb||||false|false\u00a0\u00bb global_colors_info=\u00a0\u00bb{}\u00a0\u00bb][et_pb_column type=\u00a0\u00bb4_4&Prime; _builder_version=\u00a0\u00bb4.23.1&Prime; _module_preset=\u00a0\u00bbdefault\u00a0\u00bb pac_dcm_carousel_specific_module_num=\u00a0\u00bb0&Prime; global_colors_info=\u00a0\u00bb{}\u00a0\u00bb][et_pb_text _builder_version=\u00a0\u00bb4.24.0&Prime; _module_preset=\u00a0\u00bbdefault\u00a0\u00bb header_2_text_color=\u00a0\u00bb#004c9c\u00a0\u00bb header_2_font_size=\u00a0\u00bb30px\u00a0\u00bb custom_margin=\u00a0\u00bb-31px|||||\u00a0\u00bb hover_enabled=\u00a0\u00bb0&Prime; global_colors_info=\u00a0\u00bb{}\u00a0\u00bb sticky_enabled=\u00a0\u00bb0&Prime;]<\/p>\n<h2>\u00c0 propos de Viking<\/h2>\n<p>[\/et_pb_text][et_pb_text _builder_version=\u00a0\u00bb4.24.0&Prime; _module_preset=\u00a0\u00bbdefault\u00a0\u00bb header_2_text_color=\u00a0\u00bb#004c9c\u00a0\u00bb custom_margin=\u00a0\u00bb||||false|false\u00a0\u00bb custom_padding=\u00a0\u00bb||||false|false\u00a0\u00bb hover_enabled=\u00a0\u00bb0&Prime; border_color_right=\u00a0\u00bb#0C71C3&Prime; global_colors_info=\u00a0\u00bb{}\u00a0\u00bb sticky_enabled=\u00a0\u00bb0&Prime;]<\/p>\n<p>Viking est une marque de Continental, un fabricant europ\u00e9en de pneus avec plus de 90 ans d&rsquo;exp\u00e9rience. La gamme Viking englobe une s\u00e9lection compl\u00e8te de pneus \u00e9t\u00e9, toutes saisons et hiver.<\/p>\n<p>L&rsquo;histoire de Viking a d\u00e9but\u00e9 en 1931 \u00e0 Askim, en Norv\u00e8ge, avec la production d&rsquo;articles en caoutchouc, incluant des chaussures et des pneus. Dans les ann\u00e9es 1970, Viking est devenu le leader du march\u00e9 norv\u00e9gien, d\u00e9tenant plus de 50 % de part de march\u00e9. Ax\u00e9e sur les mat\u00e9riaux d&rsquo;origine, notamment les pneus de voiture, cette r\u00e9ussite a conduit \u00e0 une expansion en Allemagne, aux Pays-Bas, en Autriche, en Italie, en Suisse et aux \u00c9tats-Unis. Depuis, l&rsquo;innovation et l&rsquo;\u00e9largissement de la gamme ont \u00e9t\u00e9 constants, avec le lancement de produits avanc\u00e9s tels que le pneu d&rsquo;hiver SnowTech II (2010), CityTech II et TransTech II (2012), ainsi que le ProTech HP (2014).<\/p>\n<p>En 2016, Viking a introduit son premier pneu toutes saisons, le Viking FourTech. Aujourd&rsquo;hui, la marque propose une gamme \u00e9tendue de pneus \u00e9t\u00e9, hiver et toutes saisons, tous con\u00e7us avec des technologies avanc\u00e9es pour garantir des performances fiables pour toutes les conditions m\u00e9t\u00e9orologiques.<\/p>\n<p>Viking est plus qu&rsquo;un fabricant de pneus : la marque se positionne comme votre partenaire sur la route. Outre l&rsquo;innovation produit, l&rsquo;entreprise met l&rsquo;accent sur la fourniture d&rsquo;un service exceptionnel. Que vous recherchiez des pneus de qualit\u00e9 sup\u00e9rieure ou des conseils d&rsquo;experts, les concessionnaires Viking sont l\u00e0 pour vous.<\/p>\n<p>[\/et_pb_text][\/et_pb_column][\/et_pb_row][\/et_pb_section][et_pb_section fb_built=\u00a0\u00bb1&Prime; _builder_version=\u00a0\u00bb4.24.0&Prime; _module_preset=\u00a0\u00bbdefault\u00a0\u00bb background_color=\u00a0\u00bb#E02B20&Prime; transform_scale=\u00a0\u00bb104%|100%\u00a0\u00bb transform_scale_linked=\u00a0\u00bboff\u00a0\u00bb transform_translate_linked=\u00a0\u00bboff\u00a0\u00bb custom_margin=\u00a0\u00bb||||false|false\u00a0\u00bb custom_padding=\u00a0\u00bb0px||0px||false|false\u00a0\u00bb custom_css_main_element=\u00a0\u00bbheight:45px;||transform:none !important;\u00a0\u00bb global_colors_info=\u00a0\u00bb{}\u00a0\u00bb][\/et_pb_section][et_pb_section fb_built=\u00a0\u00bb1&Prime; _builder_version=\u00a0\u00bb4.24.0&Prime; _module_preset=\u00a0\u00bbdefault\u00a0\u00bb background_color=\u00a0\u00bb#114b94&Prime; transform_scale=\u00a0\u00bb104%|100%\u00a0\u00bb transform_scale_linked=\u00a0\u00bboff\u00a0\u00bb transform_translate_linked=\u00a0\u00bboff\u00a0\u00bb custom_margin=\u00a0\u00bb5px||||false|false\u00a0\u00bb custom_padding=\u00a0\u00bb0px||0px||false|false\u00a0\u00bb custom_css_main_element=\u00a0\u00bbheight:15px;||transform:none !important;\u00a0\u00bb global_colors_info=\u00a0\u00bb{}\u00a0\u00bb][\/et_pb_section]<\/p>\n","protected":false},"excerpt":{"rendered":"<p>\u00c0 propos de VikingViking est une marque de Continental, un fabricant europ\u00e9en de pneus avec plus de 90 ans d&rsquo;exp\u00e9rience. La gamme Viking englobe une s\u00e9lection compl\u00e8te de pneus \u00e9t\u00e9, toutes saisons et hiver. L&rsquo;histoire de Viking a d\u00e9but\u00e9 en 1931 \u00e0 Askim, en Norv\u00e8ge, avec la production d&rsquo;articles en caoutchouc, incluant des chaussures et [&hellip;]<\/p>\n","protected":false},"author":3,"featured_media":0,"parent":0,"menu_order":0,"comment_status":"closed","ping_status":"closed","template":"","meta":{"_acf_changed":false,"_et_pb_use_builder":"on","_et_pb_old_content":"","_et_gb_content_width":"","footnotes":""},"class_list":["post-1515","page","type-page","status-publish","hentry"],"acf":[],"yoast_head":"<!-- This site is optimized with the Yoast SEO plugin v27.3 - https:\/\/yoast.com\/product\/yoast-seo-wordpress\/ -->\n<title>\u00c0 propos de Viking | Pneus Viking<\/title>\n<meta name=\"description\" content=\"Viking est un fabricant europ\u00e9en de pneus fort d&#039;une exp\u00e9rience de plus de 90 ans. Pour en savoir davantage sur les pneus Viking.\" \/>\n<meta name=\"robots\" content=\"index, follow, max-snippet:-1, max-image-preview:large, max-video-preview:-1\" \/>\n<link rel=\"canonical\" href=\"https:\/\/vikingbanden.nl\/fr\/a-propos-de-viking\/\" \/>\n<meta property=\"og:locale\" content=\"fr_FR\" \/>\n<meta property=\"og:type\" content=\"article\" \/>\n<meta property=\"og:title\" content=\"\u00c0 propos de Viking | Pneus Viking\" \/>\n<meta property=\"og:description\" content=\"Viking est un fabricant europ\u00e9en de pneus fort d&#039;une exp\u00e9rience de plus de 90 ans. Pour en savoir davantage sur les pneus Viking.\" \/>\n<meta property=\"og:url\" content=\"https:\/\/vikingbanden.nl\/fr\/a-propos-de-viking\/\" \/>\n<meta property=\"og:site_name\" content=\"Viking banden\" \/>\n<meta property=\"article:modified_time\" content=\"2024-10-15T08:37:53+00:00\" \/>\n<meta name=\"twitter:card\" content=\"summary_large_image\" \/>\n<meta name=\"twitter:label1\" content=\"Dur\u00e9e de lecture estim\u00e9e\" \/>\n\t<meta name=\"twitter:data1\" content=\"2 minutes\" \/>\n<script type=\"application\/ld+json\" class=\"yoast-schema-graph\">{\"@context\":\"https:\\\/\\\/schema.org\",\"@graph\":[{\"@type\":\"WebPage\",\"@id\":\"https:\\\/\\\/vikingbanden.nl\\\/fr\\\/a-propos-de-viking\\\/\",\"url\":\"https:\\\/\\\/vikingbanden.nl\\\/fr\\\/a-propos-de-viking\\\/\",\"name\":\"\u00c0 propos de Viking | Pneus Viking\",\"isPartOf\":{\"@id\":\"https:\\\/\\\/vikingbanden.nl\\\/en\\\/#website\"},\"datePublished\":\"2024-01-15T08:28:45+00:00\",\"dateModified\":\"2024-10-15T08:37:53+00:00\",\"description\":\"Viking est un fabricant europ\u00e9en de pneus fort d'une exp\u00e9rience de plus de 90 ans. Pour en savoir davantage sur les pneus Viking.\",\"breadcrumb\":{\"@id\":\"https:\\\/\\\/vikingbanden.nl\\\/fr\\\/a-propos-de-viking\\\/#breadcrumb\"},\"inLanguage\":\"fr-FR\",\"potentialAction\":[{\"@type\":\"ReadAction\",\"target\":[\"https:\\\/\\\/vikingbanden.nl\\\/fr\\\/a-propos-de-viking\\\/\"]}]},{\"@type\":\"BreadcrumbList\",\"@id\":\"https:\\\/\\\/vikingbanden.nl\\\/fr\\\/a-propos-de-viking\\\/#breadcrumb\",\"itemListElement\":[{\"@type\":\"ListItem\",\"position\":1,\"name\":\"Home\",\"item\":\"https:\\\/\\\/vikingbanden.nl\\\/fr\\\/\"},{\"@type\":\"ListItem\",\"position\":2,\"name\":\"\u00c0 propos de Viking\"}]},{\"@type\":\"WebSite\",\"@id\":\"https:\\\/\\\/vikingbanden.nl\\\/en\\\/#website\",\"url\":\"https:\\\/\\\/vikingbanden.nl\\\/en\\\/\",\"name\":\"Viking\",\"description\":\"\",\"potentialAction\":[{\"@type\":\"SearchAction\",\"target\":{\"@type\":\"EntryPoint\",\"urlTemplate\":\"https:\\\/\\\/vikingbanden.nl\\\/en\\\/?s={search_term_string}\"},\"query-input\":{\"@type\":\"PropertyValueSpecification\",\"valueRequired\":true,\"valueName\":\"search_term_string\"}}],\"inLanguage\":\"fr-FR\"}]}<\/script>\n<!-- \/ Yoast SEO plugin. -->","yoast_head_json":{"title":"\u00c0 propos de Viking | Pneus Viking","description":"Viking est un fabricant europ\u00e9en de pneus fort d'une exp\u00e9rience de plus de 90 ans. Pour en savoir davantage sur les pneus Viking.","robots":{"index":"index","follow":"follow","max-snippet":"max-snippet:-1","max-image-preview":"max-image-preview:large","max-video-preview":"max-video-preview:-1"},"canonical":"https:\/\/vikingbanden.nl\/fr\/a-propos-de-viking\/","og_locale":"fr_FR","og_type":"article","og_title":"\u00c0 propos de Viking | Pneus Viking","og_description":"Viking est un fabricant europ\u00e9en de pneus fort d'une exp\u00e9rience de plus de 90 ans. Pour en savoir davantage sur les pneus Viking.","og_url":"https:\/\/vikingbanden.nl\/fr\/a-propos-de-viking\/","og_site_name":"Viking banden","article_modified_time":"2024-10-15T08:37:53+00:00","twitter_card":"summary_large_image","twitter_misc":{"Dur\u00e9e de lecture estim\u00e9e":"2 minutes"},"schema":{"@context":"https:\/\/schema.org","@graph":[{"@type":"WebPage","@id":"https:\/\/vikingbanden.nl\/fr\/a-propos-de-viking\/","url":"https:\/\/vikingbanden.nl\/fr\/a-propos-de-viking\/","name":"\u00c0 propos de Viking | Pneus Viking","isPartOf":{"@id":"https:\/\/vikingbanden.nl\/en\/#website"},"datePublished":"2024-01-15T08:28:45+00:00","dateModified":"2024-10-15T08:37:53+00:00","description":"Viking est un fabricant europ\u00e9en de pneus fort d'une exp\u00e9rience de plus de 90 ans. Pour en savoir davantage sur les pneus Viking.","breadcrumb":{"@id":"https:\/\/vikingbanden.nl\/fr\/a-propos-de-viking\/#breadcrumb"},"inLanguage":"fr-FR","potentialAction":[{"@type":"ReadAction","target":["https:\/\/vikingbanden.nl\/fr\/a-propos-de-viking\/"]}]},{"@type":"BreadcrumbList","@id":"https:\/\/vikingbanden.nl\/fr\/a-propos-de-viking\/#breadcrumb","itemListElement":[{"@type":"ListItem","position":1,"name":"Home","item":"https:\/\/vikingbanden.nl\/fr\/"},{"@type":"ListItem","position":2,"name":"\u00c0 propos de Viking"}]},{"@type":"WebSite","@id":"https:\/\/vikingbanden.nl\/en\/#website","url":"https:\/\/vikingbanden.nl\/en\/","name":"Viking","description":"","potentialAction":[{"@type":"SearchAction","target":{"@type":"EntryPoint","urlTemplate":"https:\/\/vikingbanden.nl\/en\/?s={search_term_string}"},"query-input":{"@type":"PropertyValueSpecification","valueRequired":true,"valueName":"search_term_string"}}],"inLanguage":"fr-FR"}]}},"_links":{"self":[{"href":"https:\/\/vikingbanden.nl\/fr\/wp-json\/wp\/v2\/pages\/1515","targetHints":{"allow":["GET"]}}],"collection":[{"href":"https:\/\/vikingbanden.nl\/fr\/wp-json\/wp\/v2\/pages"}],"about":[{"href":"https:\/\/vikingbanden.nl\/fr\/wp-json\/wp\/v2\/types\/page"}],"author":[{"embeddable":true,"href":"https:\/\/vikingbanden.nl\/fr\/wp-json\/wp\/v2\/users\/3"}],"replies":[{"embeddable":true,"href":"https:\/\/vikingbanden.nl\/fr\/wp-json\/wp\/v2\/comments?post=1515"}],"version-history":[{"count":10,"href":"https:\/\/vikingbanden.nl\/fr\/wp-json\/wp\/v2\/pages\/1515\/revisions"}],"predecessor-version":[{"id":10061,"href":"https:\/\/vikingbanden.nl\/fr\/wp-json\/wp\/v2\/pages\/1515\/revisions\/10061"}],"wp:attachment":[{"href":"https:\/\/vikingbanden.nl\/fr\/wp-json\/wp\/v2\/media?parent=1515"}],"curies":[{"name":"wp","href":"https:\/\/api.w.org\/{rel}","templated":true}]}}